{"id":146,"date":"2016-03-26T11:01:13","date_gmt":"2016-03-26T11:01:13","guid":{"rendered":"https:\/\/tonifix.eu\/?post_type=product&#038;p=146"},"modified":"2024-01-18T19:32:23","modified_gmt":"2024-01-18T19:32:23","slug":"tonifix-250-stueck","status":"publish","type":"product","link":"https:\/\/tonifix.eu\/?product=tonifix-250-stueck","title":{"rendered":"ToniFix 12 St\u00fcck zum Ausprobieren!!!"},"content":{"rendered":"<div class=\"CategoryText\"><\/div>\n<div class=\"CategoryText\">Sie entdecken den ersten Maulwurfsh\u00fcgel, dann sofort nach ToniFix-Nat\u00fcrliche Maulwurf Bek\u00e4mpfung greifen?<br \/>\nFast jeder G\u00e4rtner hatte schon mal mit Maulwurf Bek\u00e4mpfung zu tun. Alles versucht &#8211; und dann ToniFix &#8211; Nat\u00fcrliche Maulwurf Bek\u00e4mpfung entdeckt. Maulw\u00fcrfe sind sehr n\u00fctzliche Tiere, die ihre Aufgabe in der Natur haben. Die Maulw\u00fcrfe ern\u00e4hren sich von kleinen W\u00fcrmern, Maden, K\u00e4ferlarven und anderen Sch\u00e4dlingen.Wer unter seinem Blumenbeet und Rasen den Maulwurf hat, ist aber nicht hoch erfreut. Auch wenn der Maulwurf ein Zeichen f\u00fcr einen gesunden Boden sind. Der Maulwurf\u00a0nimmt\u00a0keinerlei R\u00fccksicht auf Blumen, Pflanzen und Rasen. Wo der Maulwurf\u00a0leben und am Werk ist, hinterl\u00e4sst er unsch\u00f6ne Erdhaufen auf dem Rasen und auf Blumenbeeten. Also schnell den Maulwurf verjagen &#8211; nicht t\u00f6ten!ToniFix ist die beste Methode den Maulwurf dauerhaft zu verjagen &#8211; denn ToniFix verbleibt in der Erde und wird wird nach einen Jahr zu Kompost!<\/div>\n<h4>ToniFix &#8211; ist nur bei uns erh\u00e4ltlich, wir haben das Patent und Gebrauchsmusterschutz. Wir garantieren, das sich keinerlei Gift oder Chemische Stoffe in ToniFix befindet. Wir arbeiten nur mit Naturstoffen, 100% Biologisch Abbaubar.<\/h4>\n<p>Ein Mittel zur Vertreibung von Maulwurf und W\u00fchlmaus aus dem Garten und von der Wiese. Aus Natur zur\u00fcck zur Natur. Baumwollstoffstreifen einfach gestrickt. Gr\u00f6\u00dfe 50mm x 110 mm. An zwei Seiten zugen\u00e4ht und gef\u00fcllt mit Naturstoffen die 100% biologisch Abbaubar sind.<\/p>\n<p><strong>Eine Frage die wir immer wieder gestellt bekommen: Wenn unser Hund das ausbuddelt und frist?<\/strong><\/p>\n<p>Kann er gerne mache, es wird nichts passieren &#8211; er wird durch unser Produkt nicht krank.<\/p>\n<p>Unsere Produkte werden in \u00f6ffentlichen Anlagen sowie in privaten G\u00e4rten eingesetzt. Wir haben verzweifelte Gartenbesitzer geholfen, die schon so manches Mittelchen ausprobiert haben &#8211; und das mit gro\u00dfen Erfolg!<\/p>\n<h4>Testen sie ToniFix &#8211; sie werden begeistert sein. Und den Maulwurf erfolgreich verjagen!<\/h4>\n","protected":false},"excerpt":{"rendered":"<p>Preise zzgl. MwSt., zzgl. Versand<\/p>\n<p><strong>Ein Mittel zur Vertreibung von Maulw\u00fcrfen und W\u00fchlm\u00e4usen aus Garten und Wiese. Aus Natur zur\u00fcck zur Natur. Baumwollstoffstreifen einfach gestrickt. Gr\u00f6\u00dfe 50mm X 110 mm. An zwei Seiten zugen\u00e4ht.<\/strong><\/p>\n","protected":false},"featured_media":1496,"template":"","meta":[],"product_brand":[],"product_cat":[7],"product_tag":[39,49,38,43,45,50,44],"class_list":{"0":"post-146","1":"product","2":"type-product","3":"status-publish","4":"has-post-thumbnail","6":"product_cat-tonifix","7":"product_tag-alma-garden","8":"product_tag-garten-maulwurf-frei","9":"product_tag-lebendfalle","10":"product_tag-maulwurf-bekaempfen","11":"product_tag-maulwurf-im-garten","12":"product_tag-maulwurf-toeten","13":"product_tag-maulwurf-verjagen","15":"first","16":"instock","17":"featured","18":"taxable","19":"shipping-taxable","20":"purchasable","21":"product-type-simple"},"_links":{"self":[{"href":"https:\/\/tonifix.eu\/index.php?rest_route=\/wp\/v2\/product\/146","targetHints":{"allow":["GET"]}}],"collection":[{"href":"https:\/\/tonifix.eu\/index.php?rest_route=\/wp\/v2\/product"}],"about":[{"href":"https:\/\/tonifix.eu\/index.php?rest_route=\/wp\/v2\/types\/product"}],"wp:featuredmedia":[{"embeddable":true,"href":"https:\/\/tonifix.eu\/index.php?rest_route=\/wp\/v2\/media\/1496"}],"wp:attachment":[{"href":"https:\/\/tonifix.eu\/index.php?rest_route=%2Fwp%2Fv2%2Fmedia&parent=146"}],"wp:term":[{"taxonomy":"product_brand","embeddable":true,"href":"https:\/\/tonifix.eu\/index.php?rest_route=%2Fwp%2Fv2%2Fproduct_brand&post=146"},{"taxonomy":"product_cat","embeddable":true,"href":"https:\/\/tonifix.eu\/index.php?rest_route=%2Fwp%2Fv2%2Fproduct_cat&post=146"},{"taxonomy":"product_tag","embeddable":true,"href":"https:\/\/tonifix.eu\/index.php?rest_route=%2Fwp%2Fv2%2Fproduct_tag&post=146"}],"curies":[{"name":"wp","href":"https:\/\/api.w.org\/{rel}","templated":true}]}}